{"id":56,"date":"2021-06-22T20:56:54","date_gmt":"2021-06-22T18:56:54","guid":{"rendered":"http:\/\/melindaorset.fr\/?page_id=56"},"modified":"2022-04-24T12:17:49","modified_gmt":"2022-04-24T10:17:49","slug":"le-voile-de-linconscience","status":"publish","type":"page","link":"https:\/\/melindaorset.fr\/?page_id=56","title":{"rendered":"LE VOILE DE L&#8217;INCONSCIENCE"},"content":{"rendered":"\n<div class=\"wp-block-group is-layout-flow wp-block-group-is-layout-flow\"><div class=\"wp-block-group__inner-container\">\n<div class=\"wp-block-columns is-layout-flex wp-container-core-columns-layout-1 wp-block-columns-is-layout-flex\">\n<div class=\"wp-block-column is-layout-flow wp-block-column-is-layout-flow\" style=\"flex-basis:33.33%\">\n<figure class=\"wp-block-image size-full is-resized\"><img loading=\"lazy\" decoding=\"async\" src=\"https:\/\/melindaorset.fr\/wp-content\/uploads\/2022\/04\/voile.jpg\" alt=\"\" class=\"wp-image-80\" width=\"235\" height=\"375\" srcset=\"https:\/\/melindaorset.fr\/wp-content\/uploads\/2022\/04\/voile.jpg 313w, https:\/\/melindaorset.fr\/wp-content\/uploads\/2022\/04\/voile-188x300.jpg 188w\" sizes=\"(max-width: 235px) 100vw, 235px\" \/><\/figure>\n<\/div>\n\n\n\n<div class=\"wp-block-column is-layout-flow wp-block-column-is-layout-flow\" style=\"flex-basis:66.66%\">\n<div style=\"height:10px\" aria-hidden=\"true\" class=\"wp-block-spacer\"><\/div>\n\n\n\n<p class=\"has-text-align-center\">Que nous en ayons conscience ou non, nous nous voilons tous la face. En effet, nous ne percevons pas la r\u00e9alit\u00e9 telle qu&#8217;elle est r\u00e9ellement, mais comme nous aimerions qu&#8217;elle soit. De mani\u00e8re g\u00e9n\u00e9rale, nous sommes tr\u00e8s peu conscients de nous-m\u00eames, et de nos fonctionnements. De fait, nos comportements sont la plupart du temps r\u00e9gis par notre inconscient, et ce faisant, nous perdons bien souvent le contr\u00f4le de notre vie : nous adoptons des comportements qui ne nous conviennent pas, et nous avons alors la sensation de ne pas \u00eatre nous-m\u00eames. Ce livre se propose de r\u00e9pondre \u00e0 la question \u00ab pourquoi nous agissons comme nous le faisons ? \u00bb, avec pour objectif de rendre nos m\u00e9canismes inconscients plus conscients. Car, en osant regarder la r\u00e9alit\u00e9 en face, en ne cherchant plus \u00e0 se d\u00e9tourner d&#8217;elle, nous nous donnerons la possibilit\u00e9 de redevenir nous-m\u00eames. Apr\u00e8s avoir expliqu\u00e9 nos diff\u00e9rents fonctionnements archa\u00efques et nos m\u00e9canismes psychologiques, M\u00e9linda Orset propose des exercices concrets et simples \u00e0 mettre en place pour retrouver notre libert\u00e9 d&#8217;\u00eatre.<\/p>\n\n\n\n<div style=\"height:10px\" aria-hidden=\"true\" class=\"wp-block-spacer\"><\/div>\n\n\n\n<div class=\"wp-block-buttons is-content-justification-center is-layout-flex wp-container-core-buttons-layout-1 wp-block-buttons-is-layout-flex\">\n<div class=\"wp-block-button is-style-primary\"><a class=\"wp-block-button__link has-nv-site-bg-color has-text-color has-background\" href=\"https:\/\/amzn.to\/37KL8SW\" style=\"background-color:#2873ea\">ACHETER LE LIVRE<\/a><\/div>\n<\/div>\n<\/div>\n<\/div>\n<\/div><\/div>\n\n\n\n<div class=\"wp-block-buttons is-content-justification-center is-layout-flex wp-container-core-buttons-layout-2 wp-block-buttons-is-layout-flex\"><\/div>\n\n\n\n<p><\/p>\n","protected":false},"excerpt":{"rendered":"<p>Que nous en ayons conscience ou non, nous nous voilons tous la face. En effet, nous ne percevons pas la r\u00e9alit\u00e9 telle qu&#8217;elle est r\u00e9ellement, mais comme nous aimerions qu&#8217;elle soit. De mani\u00e8re g\u00e9n\u00e9rale, nous sommes tr\u00e8s peu conscients de nous-m\u00eames, et de nos fonctionnements. De fait, nos comportements sont la plupart du temps r\u00e9gis&hellip;&nbsp;<a href=\"https:\/\/melindaorset.fr\/?page_id=56\" class=\"\" rel=\"bookmark\">Read More &raquo;<span class=\"screen-reader-text\">LE VOILE DE L&#8217;INCONSCIENCE<\/span><\/a><\/p>\n","protected":false},"author":1,"featured_media":0,"parent":0,"menu_order":0,"comment_status":"closed","ping_status":"closed","template":"","meta":{"neve_meta_sidebar":"","neve_meta_container":"","neve_meta_enable_content_width":"","neve_meta_content_width":0,"neve_meta_title_alignment":"","neve_meta_author_avatar":"","neve_post_elements_order":"","neve_meta_disable_header":"","neve_meta_disable_footer":"","neve_meta_disable_title":"","footnotes":""},"_links":{"self":[{"href":"https:\/\/melindaorset.fr\/index.php?rest_route=\/wp\/v2\/pages\/56"}],"collection":[{"href":"https:\/\/melindaorset.fr\/index.php?rest_route=\/wp\/v2\/pages"}],"about":[{"href":"https:\/\/melindaorset.fr\/index.php?rest_route=\/wp\/v2\/types\/page"}],"author":[{"embeddable":true,"href":"https:\/\/melindaorset.fr\/index.php?rest_route=\/wp\/v2\/users\/1"}],"replies":[{"embeddable":true,"href":"https:\/\/melindaorset.fr\/index.php?rest_route=%2Fwp%2Fv2%2Fcomments&post=56"}],"version-history":[{"count":4,"href":"https:\/\/melindaorset.fr\/index.php?rest_route=\/wp\/v2\/pages\/56\/revisions"}],"predecessor-version":[{"id":106,"href":"https:\/\/melindaorset.fr\/index.php?rest_route=\/wp\/v2\/pages\/56\/revisions\/106"}],"wp:attachment":[{"href":"https:\/\/melindaorset.fr\/index.php?rest_route=%2Fwp%2Fv2%2Fmedia&parent=56"}],"curies":[{"name":"wp","href":"https:\/\/api.w.org\/{rel}","templated":true}]}}