{"id":54,"date":"2021-06-22T20:56:54","date_gmt":"2021-06-22T18:56:54","guid":{"rendered":"http:\/\/melindaorset.fr\/?page_id=54"},"modified":"2022-04-24T12:16:37","modified_gmt":"2022-04-24T10:16:37","slug":"voyage-au-centre-de-la-peur","status":"publish","type":"page","link":"https:\/\/melindaorset.fr\/?page_id=54","title":{"rendered":"VOYAGE AU CENTRE DE LA PEUR"},"content":{"rendered":"\n<div class=\"wp-block-group is-layout-flow wp-block-group-is-layout-flow\"><div class=\"wp-block-group__inner-container\">\n<div class=\"wp-block-columns is-layout-flex wp-container-core-columns-layout-1 wp-block-columns-is-layout-flex\">\n<div class=\"wp-block-column is-layout-flow wp-block-column-is-layout-flow\" style=\"flex-basis:100%\"><\/div>\n<\/div>\n<\/div><\/div>\n\n\n\n<div class=\"wp-block-group is-layout-flow wp-block-group-is-layout-flow\"><div class=\"wp-block-group__inner-container\">\n<div class=\"wp-block-columns is-layout-flex wp-container-core-columns-layout-2 wp-block-columns-is-layout-flex\">\n<div class=\"wp-block-column is-layout-flow wp-block-column-is-layout-flow\" style=\"flex-basis:33.33%\">\n<figure class=\"wp-block-image size-full is-resized\"><img loading=\"lazy\" decoding=\"async\" src=\"https:\/\/melindaorset.fr\/wp-content\/uploads\/2022\/03\/voyage-au-centre-de-la-peur-1.jpg\" alt=\"\" class=\"wp-image-68\" width=\"250\" height=\"374\" srcset=\"https:\/\/melindaorset.fr\/wp-content\/uploads\/2022\/03\/voyage-au-centre-de-la-peur-1.jpg 333w, https:\/\/melindaorset.fr\/wp-content\/uploads\/2022\/03\/voyage-au-centre-de-la-peur-1-200x300.jpg 200w\" sizes=\"(max-width: 250px) 100vw, 250px\" \/><\/figure>\n<\/div>\n\n\n\n<div class=\"wp-block-column is-layout-flow wp-block-column-is-layout-flow\" style=\"flex-basis:66.66%\">\n<div style=\"height:30px\" aria-hidden=\"true\" class=\"wp-block-spacer\"><\/div>\n\n\n\n<p class=\"has-text-align-center\">Et s&#8217;il suffisait d&#8217;arr\u00eater de lutter contre la peur pour se lib\u00e9rer efficacement de son emprise ? Et si \u00e0 la place, nous prenions dor\u00e9navant du plaisir \u00e0 avoir peur ? C&#8217;est l&#8217;id\u00e9e que M\u00e9linda ORSET d\u00e9veloppe dans \u00ab voyage au centre de la peur \u00bb, un livre qui peut changer votre vie. Cet ouvrage d\u00e9voile des techniques et strat\u00e9gies permettant de ne plus avoir peur d&#8217;avoir peur et d&#8217;op\u00e9rer des changements durables pour un nouveau quotidien. En s&#8217;appuyant sur sa propre exp\u00e9rience en tant qu&#8217;ancienne phobique sociale et sa pratique d&#8217;hypnoth\u00e9rapeute, M\u00e9linda ORSET r\u00e9v\u00e8le des astuces concr\u00e8tes et simples \u00e0 mettre en place pour reprendre le contr\u00f4le de sa vie.<\/p>\n\n\n\n<div style=\"height:30px\" aria-hidden=\"true\" class=\"wp-block-spacer\"><\/div>\n\n\n\n<div class=\"wp-block-buttons is-content-justification-center is-layout-flex wp-container-core-buttons-layout-1 wp-block-buttons-is-layout-flex\">\n<div class=\"wp-block-button is-style-primary\"><a class=\"wp-block-button__link has-nv-site-bg-color has-text-color has-background\" href=\"https:\/\/amzn.to\/37DPMCk\" style=\"background-color:#0982f0\">ACHETER LE LIVRE<\/a><\/div>\n<\/div>\n<\/div>\n<\/div>\n<\/div><\/div>\n\n\n\n<div class=\"wp-block-buttons is-content-justification-right is-layout-flex wp-container-core-buttons-layout-2 wp-block-buttons-is-layout-flex\"><\/div>\n\n\n\n<p><\/p>\n","protected":false},"excerpt":{"rendered":"<p>Et s&#8217;il suffisait d&#8217;arr\u00eater de lutter contre la peur pour se lib\u00e9rer efficacement de son emprise ? Et si \u00e0 la place, nous prenions dor\u00e9navant du plaisir \u00e0 avoir peur ? C&#8217;est l&#8217;id\u00e9e que M\u00e9linda ORSET d\u00e9veloppe dans \u00ab voyage au centre de la peur \u00bb, un livre qui peut changer votre vie. Cet ouvrage&hellip;&nbsp;<a href=\"https:\/\/melindaorset.fr\/?page_id=54\" class=\"\" rel=\"bookmark\">Read More &raquo;<span class=\"screen-reader-text\">VOYAGE AU CENTRE DE LA PEUR<\/span><\/a><\/p>\n","protected":false},"author":1,"featured_media":0,"parent":0,"menu_order":0,"comment_status":"closed","ping_status":"closed","template":"","meta":{"neve_meta_sidebar":"","neve_meta_container":"","neve_meta_enable_content_width":"","neve_meta_content_width":0,"neve_meta_title_alignment":"","neve_meta_author_avatar":"","neve_post_elements_order":"","neve_meta_disable_header":"","neve_meta_disable_footer":"","neve_meta_disable_title":"","footnotes":""},"_links":{"self":[{"href":"https:\/\/melindaorset.fr\/index.php?rest_route=\/wp\/v2\/pages\/54"}],"collection":[{"href":"https:\/\/melindaorset.fr\/index.php?rest_route=\/wp\/v2\/pages"}],"about":[{"href":"https:\/\/melindaorset.fr\/index.php?rest_route=\/wp\/v2\/types\/page"}],"author":[{"embeddable":true,"href":"https:\/\/melindaorset.fr\/index.php?rest_route=\/wp\/v2\/users\/1"}],"replies":[{"embeddable":true,"href":"https:\/\/melindaorset.fr\/index.php?rest_route=%2Fwp%2Fv2%2Fcomments&post=54"}],"version-history":[{"count":5,"href":"https:\/\/melindaorset.fr\/index.php?rest_route=\/wp\/v2\/pages\/54\/revisions"}],"predecessor-version":[{"id":104,"href":"https:\/\/melindaorset.fr\/index.php?rest_route=\/wp\/v2\/pages\/54\/revisions\/104"}],"wp:attachment":[{"href":"https:\/\/melindaorset.fr\/index.php?rest_route=%2Fwp%2Fv2%2Fmedia&parent=54"}],"curies":[{"name":"wp","href":"https:\/\/api.w.org\/{rel}","templated":true}]}}